{"id":9,"date":"2025-11-21T16:39:49","date_gmt":"2025-11-21T15:39:49","guid":{"rendered":"https:\/\/wofvideo.pro\/napifriss\/?page_id=9"},"modified":"2025-11-21T16:39:49","modified_gmt":"2025-11-21T15:39:49","slug":"impresszum","status":"publish","type":"page","link":"https:\/\/wofvideo.pro\/napifriss\/?page_id=9","title":{"rendered":"Impresszum"},"content":{"rendered":"<p>Szolg\u00e1latat\u00f3: Forpsicloud\/sk<\/p>\n<p>Spolo\u010dnos\u0165 INTERNET CZ, a. s, zast\u00fapen\u00e1 svoj\u00edm pr\u00e1vnym z\u00e1stupcom, so s\u00eddlom Kti\u0161 2, 384 03<br \/>\nKti\u0161, \u010cesk\u00e1 republika<\/p>\n<pre id=\"tw-target-text\" class=\"tw-data-text tw-text-large tw-ta\" dir=\"ltr\" data-placeholder=\"Ford\u00edt\u00e1s\" aria-label=\"Leford\u00edtott sz\u00f6veg\" data-ved=\"2ahUKEwih7Y_Bp5yFAxUSxAIHHdDjCbEQ3ewLegQIEBAT\"><span class=\"Y2IQFc\" lang=\"hu\">V\u00e1llalat INTERNET CZ, a. s, amelyet jogi k\u00e9pvisel\u0151je k\u00e9pvisel, sz\u00e9khelye: Kti\u0161 2, 384 03\r\nKti\u0161, Csehorsz\u00e1g\r\n\r\nH\u00e1rs<\/span><\/pre>\n","protected":false},"excerpt":{"rendered":"<p>Szolg\u00e1latat\u00f3: Forpsicloud\/sk Spolo\u010dnos\u0165 INTERNET CZ, a. s, zast\u00fapen\u00e1 svoj\u00edm pr\u00e1vnym z\u00e1stupcom, so s\u00eddlom Kti\u0161 2, 384 03 Kti\u0161, \u010cesk\u00e1 republika&#8230; <span class=\"gridview-grid-post-read-more\"><a href=\"https:\/\/wofvideo.pro\/napifriss\/?page_id=9\">read more<span class=\"gridview-sr-only\"> Impresszum<\/span><\/a><\/span><\/p>\n","protected":false},"author":1,"featured_media":0,"parent":0,"menu_order":0,"comment_status":"closed","ping_status":"closed","template":"","meta":{"footnotes":""},"class_list":["post-9","page","type-page","status-publish","hentry"],"_links":{"self":[{"href":"https:\/\/wofvideo.pro\/napifriss\/index.php?rest_route=\/wp\/v2\/pages\/9","targetHints":{"allow":["GET"]}}],"collection":[{"href":"https:\/\/wofvideo.pro\/napifriss\/index.php?rest_route=\/wp\/v2\/pages"}],"about":[{"href":"https:\/\/wofvideo.pro\/napifriss\/index.php?rest_route=\/wp\/v2\/types\/page"}],"author":[{"embeddable":true,"href":"https:\/\/wofvideo.pro\/napifriss\/index.php?rest_route=\/wp\/v2\/users\/1"}],"replies":[{"embeddable":true,"href":"https:\/\/wofvideo.pro\/napifriss\/index.php?rest_route=%2Fwp%2Fv2%2Fcomments&post=9"}],"version-history":[{"count":1,"href":"https:\/\/wofvideo.pro\/napifriss\/index.php?rest_route=\/wp\/v2\/pages\/9\/revisions"}],"predecessor-version":[{"id":10,"href":"https:\/\/wofvideo.pro\/napifriss\/index.php?rest_route=\/wp\/v2\/pages\/9\/revisions\/10"}],"wp:attachment":[{"href":"https:\/\/wofvideo.pro\/napifriss\/index.php?rest_route=%2Fwp%2Fv2%2Fmedia&parent=9"}],"curies":[{"name":"wp","href":"https:\/\/api.w.org\/{rel}","templated":true}]}}