{"id":14,"date":"2025-11-21T16:40:46","date_gmt":"2025-11-21T15:40:46","guid":{"rendered":"https:\/\/wofvideo.pro\/napifriss\/?page_id=14"},"modified":"2025-11-21T16:40:46","modified_gmt":"2025-11-21T15:40:46","slug":"kapcsolat","status":"publish","type":"page","link":"https:\/\/wofvideo.pro\/napifriss\/?page_id=14","title":{"rendered":"Kapcsolat"},"content":{"rendered":"<p><strong>H\u00e1rs Zolt\u00e1n<br \/>\nKapcsolat: hirekinfo@proton.me<\/strong><\/p>\n<p>Eur\u00f3pska, Szlov\u00e1kia<\/p>\n<p>Az esetleges illet\u00e9ktelen publik\u00e1ci\u00f3kat halad\u00e9ktalanul korrig\u00e1ljuk.<\/p>\n","protected":false},"excerpt":{"rendered":"<p>H\u00e1rs Zolt\u00e1n Kapcsolat: hirekinfo@proton.me Eur\u00f3pska, Szlov\u00e1kia Az esetleges illet\u00e9ktelen publik\u00e1ci\u00f3kat halad\u00e9ktalanul korrig\u00e1ljuk.<\/p>\n","protected":false},"author":1,"featured_media":0,"parent":0,"menu_order":0,"comment_status":"closed","ping_status":"closed","template":"","meta":{"footnotes":""},"class_list":["post-14","page","type-page","status-publish","hentry"],"_links":{"self":[{"href":"https:\/\/wofvideo.pro\/napifriss\/index.php?rest_route=\/wp\/v2\/pages\/14","targetHints":{"allow":["GET"]}}],"collection":[{"href":"https:\/\/wofvideo.pro\/napifriss\/index.php?rest_route=\/wp\/v2\/pages"}],"about":[{"href":"https:\/\/wofvideo.pro\/napifriss\/index.php?rest_route=\/wp\/v2\/types\/page"}],"author":[{"embeddable":true,"href":"https:\/\/wofvideo.pro\/napifriss\/index.php?rest_route=\/wp\/v2\/users\/1"}],"replies":[{"embeddable":true,"href":"https:\/\/wofvideo.pro\/napifriss\/index.php?rest_route=%2Fwp%2Fv2%2Fcomments&post=14"}],"version-history":[{"count":1,"href":"https:\/\/wofvideo.pro\/napifriss\/index.php?rest_route=\/wp\/v2\/pages\/14\/revisions"}],"predecessor-version":[{"id":15,"href":"https:\/\/wofvideo.pro\/napifriss\/index.php?rest_route=\/wp\/v2\/pages\/14\/revisions\/15"}],"wp:attachment":[{"href":"https:\/\/wofvideo.pro\/napifriss\/index.php?rest_route=%2Fwp%2Fv2%2Fmedia&parent=14"}],"curies":[{"name":"wp","href":"https:\/\/api.w.org\/{rel}","templated":true}]}}