{"id":11,"date":"2025-11-21T16:40:20","date_gmt":"2025-11-21T15:40:20","guid":{"rendered":"https:\/\/wofvideo.pro\/napifriss\/?page_id=11"},"modified":"2025-11-21T16:40:20","modified_gmt":"2025-11-21T15:40:20","slug":"jogi-nyilatkozat","status":"publish","type":"page","link":"https:\/\/wofvideo.pro\/napifriss\/?page_id=11","title":{"rendered":"Jogi nyilatkozat"},"content":{"rendered":"<p>Ha \u00fagy \u00e9rzi, hogy az oldalon tal\u00e1lhat\u00f3 tartalom s\u00e9rti b\u00e1rki szerz\u0151i jogait, k\u00e9rj\u00fck vegye fel vel\u00fcnk a kapcsolatot az al\u00e1bbi e-mail c\u00edmen.<br \/>\nKapcsolat: phord@proton.me<\/p>\n<p>Az esetleges illet\u00e9ktelen publik\u00e1ci\u00f3kat halad\u00e9ktalanul korrig\u00e1ljuk.<\/p>\n","protected":false},"excerpt":{"rendered":"<p>Ha \u00fagy \u00e9rzi, hogy az oldalon tal\u00e1lhat\u00f3 tartalom s\u00e9rti b\u00e1rki szerz\u0151i jogait, k\u00e9rj\u00fck vegye fel vel\u00fcnk a kapcsolatot az al\u00e1bbi&#8230; <span class=\"gridview-grid-post-read-more\"><a href=\"https:\/\/wofvideo.pro\/napifriss\/?page_id=11\">read more<span class=\"gridview-sr-only\"> Jogi nyilatkozat<\/span><\/a><\/span><\/p>\n","protected":false},"author":1,"featured_media":0,"parent":0,"menu_order":0,"comment_status":"closed","ping_status":"closed","template":"","meta":{"footnotes":""},"class_list":["post-11","page","type-page","status-publish","hentry"],"_links":{"self":[{"href":"https:\/\/wofvideo.pro\/napifriss\/index.php?rest_route=\/wp\/v2\/pages\/11","targetHints":{"allow":["GET"]}}],"collection":[{"href":"https:\/\/wofvideo.pro\/napifriss\/index.php?rest_route=\/wp\/v2\/pages"}],"about":[{"href":"https:\/\/wofvideo.pro\/napifriss\/index.php?rest_route=\/wp\/v2\/types\/page"}],"author":[{"embeddable":true,"href":"https:\/\/wofvideo.pro\/napifriss\/index.php?rest_route=\/wp\/v2\/users\/1"}],"replies":[{"embeddable":true,"href":"https:\/\/wofvideo.pro\/napifriss\/index.php?rest_route=%2Fwp%2Fv2%2Fcomments&post=11"}],"version-history":[{"count":2,"href":"https:\/\/wofvideo.pro\/napifriss\/index.php?rest_route=\/wp\/v2\/pages\/11\/revisions"}],"predecessor-version":[{"id":13,"href":"https:\/\/wofvideo.pro\/napifriss\/index.php?rest_route=\/wp\/v2\/pages\/11\/revisions\/13"}],"wp:attachment":[{"href":"https:\/\/wofvideo.pro\/napifriss\/index.php?rest_route=%2Fwp%2Fv2%2Fmedia&parent=11"}],"curies":[{"name":"wp","href":"https:\/\/api.w.org\/{rel}","templated":true}]}}